{"id":30,"date":"2025-08-12T09:22:48","date_gmt":"2025-08-12T09:22:48","guid":{"rendered":"http:\/\/hallofgame.fun\/?page_id=30"},"modified":"2025-12-09T12:48:56","modified_gmt":"2025-12-09T12:48:56","slug":"impressum","status":"publish","type":"page","link":"http:\/\/hallofgame.fun\/en\/impressum\/","title":{"rendered":"Legal Notice"},"content":{"rendered":"<p>Hall of Game GmbH<br>R\u00f6thgener Stra\u00dfe 34<br>52249 Eschweiler<\/p>\n\n\n\n<p>Zweigstelle:<br>Hall of Game GmbH<br>Peterstra\u00dfe 48<br>52062 Aachen<\/p>\n\n\n\n<p>HRB 27034<br>USt.-IdNr.: DE457592288<\/p>\n\n\n\n<p>Tel. Hall of Game Aachen: <a href=\"tel:004924140178981\">+49 241-4017 89 81<\/a><br>Tel. B\u00fcro: <a href=\"tel:49024140178982\">+49 241-4017 89 82<\/a><br>Email: <a href=\"mailto:impressum@hallofgame.fun\">impressum@hallofgame.fun<\/a><\/p>\n\n\n\n<p>CEO:<br>Hubertus Strehlke &#8211; <a href=\"mailto:hubertus.strehlke@hallofgame.fun\">hubertus.strehlke@hallofgame.fun<\/a><br>Torsten Strehlke &#8211; <a href=\"mailto:torsten.strehlke@hallofgame.fun\">torsten.strehlke@hallofgame.fun<\/a><\/p>\n\n\n\n<p>Person in Charge:<br>Hubertus Strehlke<br><a href=\"mailto:hubertus.strehlke@hallofgame.fun\">hubertus.strehlke@hallofgame.fun<\/a><\/p>\n\n\n\n<p>The content of our pages has been created with the utmost care. However, we cannot guarantee the accuracy, completeness, or timeliness of the content. Despite careful content control, we assume no liability for the content of external links. The operators of the linked pages are solely responsible for their content.<\/p>","protected":false},"excerpt":{"rendered":"<p>Hall of Game GmbHR\u00f6thgener Stra\u00dfe 3452249 Eschweiler Zweigstelle:Hall of Game GmbHPeterstra\u00dfe 4852062 Aachen HRB 27034USt.-IdNr.: DE457592288 Tel. Hall of Game Aachen: +49 241-4017 89 81Tel. B\u00fcro: +49 241-4017 89 82Email: impressum@hallofgame.fun Gesch\u00e4ftsf\u00fchrer:Hubertus Strehlke &#8211; hubertus.strehlke@hallofgame.funTorsten Strehlke &#8211; torsten.strehlke@hallofgame.fun Verantwortlicher:Hubertus Strehlkehubertus.strehlke@hallofgame.fun Die Inhalte unserer Seiten wurden mit gr\u00f6\u00dfter Sorgfalt erstellt. F\u00fcr die Richtigkeit, Vollst\u00e4ndigkeit und Aktualit\u00e4t [&hellip;]<\/p>\n","protected":false},"author":1,"featured_media":0,"parent":0,"menu_order":0,"comment_status":"closed","ping_status":"closed","template":"","meta":{"footnotes":""},"class_list":["post-30","page","type-page","status-publish","hentry"],"_links":{"self":[{"href":"http:\/\/hallofgame.fun\/en\/wp-json\/wp\/v2\/pages\/30","targetHints":{"allow":["GET"]}}],"collection":[{"href":"http:\/\/hallofgame.fun\/en\/wp-json\/wp\/v2\/pages"}],"about":[{"href":"http:\/\/hallofgame.fun\/en\/wp-json\/wp\/v2\/types\/page"}],"author":[{"embeddable":true,"href":"http:\/\/hallofgame.fun\/en\/wp-json\/wp\/v2\/users\/1"}],"replies":[{"embeddable":true,"href":"http:\/\/hallofgame.fun\/en\/wp-json\/wp\/v2\/comments?post=30"}],"version-history":[{"count":10,"href":"http:\/\/hallofgame.fun\/en\/wp-json\/wp\/v2\/pages\/30\/revisions"}],"predecessor-version":[{"id":489,"href":"http:\/\/hallofgame.fun\/en\/wp-json\/wp\/v2\/pages\/30\/revisions\/489"}],"wp:attachment":[{"href":"http:\/\/hallofgame.fun\/en\/wp-json\/wp\/v2\/media?parent=30"}],"curies":[{"name":"wp","href":"https:\/\/api.w.org\/{rel}","templated":true}]}}