{"id":37,"date":"2025-08-12T09:29:31","date_gmt":"2025-08-12T09:29:31","guid":{"rendered":"http:\/\/hallofgame.fun\/?page_id=37"},"modified":"2025-11-06T12:54:46","modified_gmt":"2025-11-06T12:54:46","slug":"kontakt","status":"publish","type":"page","link":"http:\/\/hallofgame.fun\/en\/kontakt\/","title":{"rendered":"Contact"},"content":{"rendered":"\n<p>Wo findest Du uns?<br>Ganz einfach! Wir sind direkt gegen\u00fcber vom Aachener Bushof auf der Peterstra\u00dfe 48, 52062 Aachen<\/p>\n\n\n\n<p><\/p>\n\n\n\n<div style=\"max-width: 600px; margin: 0 auto; width: 90%;\">\n  <iframe \n    src=\"https:\/\/www.google.com\/maps\/embed?pb=!1m18!1m12!1m3!1d2522.948186127204!2d6.087922912188889!3d50.776534063713335!2m3!1f0!2f0!3f0!3m2!1i1024!2i768!4f13.1!3m3!1m2!1s0x47c09964166db1c1%3A0xc9ef2afbcd6c1faa!2sPeterstra%C3%9Fe%2048%2C%2052062%20Aachen!5e0!3m2!1sde!2sde!4v1755595160152!5m2!1sde!2sde\" \n    width=\"100%\" \n    height=\"300\" \n    style=\"border:0;\" \n    allowfullscreen=\"\" \n    loading=\"lazy\" \n    referrerpolicy=\"no-referrer-when-downgrade\">\n  <\/iframe>\n<\/div>\n\n\n\n<p>Du hast eine Frage?<br>Hier erreicht Ihr uns zu unseren \u00d6ffnungszeiten:<br>Tel.: <a href=\"tel:004924140178981\">+49 241-4017 89 81<\/a><br>B\u00fcro: <a href=\"tel:4924140178982\">+49 241-4017 89 82<\/a><\/p>\n\n\n\n<p>Du hast ein Anliegen?<br>Schreibe uns einfach eine Nachricht \u00fcber <a href=\"https:\/\/wa.me\/4924140178982\">Whatsapp<\/a> oder an <a href=\"mailto:info@hallofgame.fun\">info@hallofgame.fun<\/a> oder nutze das Kontaktformular.<\/p>\n\n\n<style id=\"wpforms-css-vars-49-block-c8a7073d-f406-45fb-b571-a8e12de66bce\">\n\t\t\t\t#wpforms-49.wpforms-block-c8a7073d-f406-45fb-b571-a8e12de66bce {\n\t\t\t\t--wpforms-label-color: #FFFFFF;\n--wpforms-label-sublabel-color: #e5e5e5;\n--wpforms-label-error-color: #ff0000;\n--wpforms-page-break-color: #dddddd;\n--wpforms-field-border-style: none;\n--wpforms-field-border-radius: 10px;\n--wpforms-field-border-color: #cccccc;\n--wpforms-field-border-color-spare: #cccccc;\n--wpforms-field-text-color: #000000;\n--wpforms-field-menu-color: #FFFFFF;\n--wpforms-button-border-radius: 10px;\n--wpforms-button-background-color: #540007;\n--wpforms-button-text-color: #FFFFFF;\n--wpforms-button-border-color: #cccccc;\n--wpforms-field-border-size: 0px;\n--wpforms-field-size-input-height: 31px;\n--wpforms-field-size-input-spacing: 10px;\n--wpforms-field-size-font-size: 14px;\n--wpforms-field-size-line-height: 17px;\n--wpforms-field-size-padding-h: 9px;\n--wpforms-field-size-checkbox-size: 14px;\n--wpforms-field-size-sublabel-spacing: 5px;\n--wpforms-field-size-icon-size: 0.75;\n--wpforms-label-size-font-size: 14px;\n--wpforms-label-size-line-height: 17px;\n--wpforms-label-size-sublabel-font-size: 13px;\n--wpforms-label-size-sublabel-line-height: 16px;\n--wpforms-button-size-font-size: 17px;\n--wpforms-button-size-height: 41px;\n--wpforms-button-size-padding-h: 15px;\n--wpforms-button-size-margin-top: 10px;\n\t\t\t}\n\t\t\t<\/style><div class=\"wpforms-container wpforms-container-full wpforms-block wpforms-block-c8a7073d-f406-45fb-b571-a8e12de66bce wpforms-render-modern\" id=\"wpforms-49\"><form id=\"wpforms-form-49\" class=\"wpforms-validate wpforms-form wpforms-ajax-form\" data-formid=\"49\" method=\"post\" enctype=\"multipart\/form-data\" action=\"\/en\/wp-json\/wp\/v2\/pages\/37\" data-token=\"216b5b91ee2fb5f8ce9d93a762fce608\" data-token-time=\"1777547608\"><noscript class=\"wpforms-error-noscript\">Please enable JavaScript in your browser to complete this form.<\/noscript><div id=\"wpforms-error-noscript\" style=\"display: none;\">Please enable JavaScript in your browser to complete this form.<\/div><div class=\"wpforms-field-container\"><div id=\"wpforms-49-field_1-container\" class=\"wpforms-field wpforms-field-name\" data-field-id=\"1\"><fieldset><legend class=\"wpforms-field-label\">Name <span class=\"wpforms-required-label\" aria-hidden=\"true\">*<\/span><\/legend><div class=\"wpforms-field-row wpforms-field-medium\"><div class=\"wpforms-field-row-block wpforms-first wpforms-one-half\"><input type=\"text\" id=\"wpforms-49-field_1\" class=\"wpforms-field-name-first wpforms-field-required\" name=\"wpforms[fields][1][first]\" aria-errormessage=\"wpforms-49-field_1-error\" required><label for=\"wpforms-49-field_1\" class=\"wpforms-field-sublabel after\">First<\/label><\/div><div class=\"wpforms-field-row-block wpforms-one-half\"><input type=\"text\" id=\"wpforms-49-field_1-last\" class=\"wpforms-field-name-last wpforms-field-required\" name=\"wpforms[fields][1][last]\" aria-errormessage=\"wpforms-49-field_1-last-error\" required><label for=\"wpforms-49-field_1-last\" class=\"wpforms-field-sublabel after\">Last<\/label><\/div><\/div><\/fieldset><\/div><div id=\"wpforms-49-field_2-container\" class=\"wpforms-field wpforms-field-email\" data-field-id=\"2\"><label class=\"wpforms-field-label\" for=\"wpforms-49-field_2\">E-Mail-Adresse <span class=\"wpforms-required-label\" aria-hidden=\"true\">*<\/span><\/label><input type=\"email\" id=\"wpforms-49-field_2\" class=\"wpforms-field-medium wpforms-field-required\" name=\"wpforms[fields][2]\" spellcheck=\"false\" aria-errormessage=\"wpforms-49-field_2-error\" required><\/div>\t\t<div id=\"wpforms-49-field_5-container\"\n\t\t\tclass=\"wpforms-field wpforms-field-text\"\n\t\t\tdata-field-type=\"text\"\n\t\t\tdata-field-id=\"5\"\n\t\t\t>\n\t\t\t<label class=\"wpforms-field-label\" for=\"wpforms-49-field_5\" >E-Mail-Adresse oder Kommentar<\/label>\n\t\t\t<input type=\"text\" id=\"wpforms-49-field_5\" class=\"wpforms-field-medium\" name=\"wpforms[fields][5]\" >\n\t\t<\/div>\n\t\t<div id=\"wpforms-49-field_4-container\" class=\"wpforms-field wpforms-field-text\" data-field-id=\"4\"><label class=\"wpforms-field-label\" for=\"wpforms-49-field_4\">Betreff <span class=\"wpforms-required-label\" aria-hidden=\"true\">*<\/span><\/label><input type=\"text\" id=\"wpforms-49-field_4\" class=\"wpforms-field-medium wpforms-field-required\" name=\"wpforms[fields][4]\" aria-errormessage=\"wpforms-49-field_4-error\" required><\/div><div id=\"wpforms-49-field_3-container\" class=\"wpforms-field wpforms-field-textarea\" data-field-id=\"3\"><label class=\"wpforms-field-label\" for=\"wpforms-49-field_3\">Kommentar oder Nachricht<\/label><textarea id=\"wpforms-49-field_3\" class=\"wpforms-field-medium\" name=\"wpforms[fields][3]\" aria-errormessage=\"wpforms-49-field_3-error\" ><\/textarea><\/div><script>\n\t\t\t\t( function() {\n\t\t\t\t\tconst style = document.createElement( 'style' );\n\t\t\t\t\tstyle.appendChild( document.createTextNode( '#wpforms-49-field_5-container { position: absolute !important; overflow: hidden !important; display: inline !important; height: 1px !important; width: 1px !important; z-index: -1000 !important; padding: 0 !important; } #wpforms-49-field_5-container input { visibility: hidden; } #wpforms-conversational-form-page #wpforms-49-field_5-container label { counter-increment: none; }' ) );\n\t\t\t\t\tdocument.head.appendChild( style );\n\t\t\t\t\tdocument.currentScript?.remove();\n\t\t\t\t} )();\n\t\t\t<\/script><\/div><!-- .wpforms-field-container --><div class=\"wpforms-submit-container\" ><input type=\"hidden\" name=\"wpforms[id]\" value=\"49\"><input type=\"hidden\" name=\"page_title\" value=\"\"><input type=\"hidden\" name=\"page_url\" value=\"http:\/\/hallofgame.fun\/en\/wp-json\/wp\/v2\/pages\/37\"><input type=\"hidden\" name=\"url_referer\" value=\"\"><button type=\"submit\" name=\"wpforms[submit]\" id=\"wpforms-submit-49\" class=\"wpforms-submit\" data-alt-text=\"Wird gesendet\u00a0\u2026\" data-submit-text=\"Absenden\" aria-live=\"assertive\" value=\"wpforms-submit\">Absenden<\/button><img decoding=\"async\" src=\"http:\/\/hallofgame.fun\/wp-content\/plugins\/wpforms-lite\/assets\/images\/submit-spin.svg\" class=\"wpforms-submit-spinner\" style=\"display: none;\" width=\"26\" height=\"26\" alt=\"Loading\"><\/div><\/form><\/div>  <!-- .wpforms-container -->","protected":false},"excerpt":{"rendered":"<p>Wo findest Du uns?Ganz einfach! Wir sind direkt gegen\u00fcber vom Aachener Bushof auf der Peterstra\u00dfe 48, 52062 Aachen Du hast eine Frage?Hier erreicht Ihr uns zu unseren \u00d6ffnungszeiten:Tel.: +49 241-4017 89 81B\u00fcro: +49 241-4017 89 82 Du hast ein Anliegen?Schreibe uns einfach eine Nachricht \u00fcber Whatsapp oder an info@hallofgame.fun oder nutze das Kontaktformular.<\/p>","protected":false},"author":1,"featured_media":0,"parent":0,"menu_order":0,"comment_status":"closed","ping_status":"closed","template":"","meta":{"footnotes":""},"class_list":["post-37","page","type-page","status-publish","hentry"],"_links":{"self":[{"href":"http:\/\/hallofgame.fun\/en\/wp-json\/wp\/v2\/pages\/37","targetHints":{"allow":["GET"]}}],"collection":[{"href":"http:\/\/hallofgame.fun\/en\/wp-json\/wp\/v2\/pages"}],"about":[{"href":"http:\/\/hallofgame.fun\/en\/wp-json\/wp\/v2\/types\/page"}],"author":[{"embeddable":true,"href":"http:\/\/hallofgame.fun\/en\/wp-json\/wp\/v2\/users\/1"}],"replies":[{"embeddable":true,"href":"http:\/\/hallofgame.fun\/en\/wp-json\/wp\/v2\/comments?post=37"}],"version-history":[{"count":20,"href":"http:\/\/hallofgame.fun\/en\/wp-json\/wp\/v2\/pages\/37\/revisions"}],"predecessor-version":[{"id":500,"href":"http:\/\/hallofgame.fun\/en\/wp-json\/wp\/v2\/pages\/37\/revisions\/500"}],"wp:attachment":[{"href":"http:\/\/hallofgame.fun\/en\/wp-json\/wp\/v2\/media?parent=37"}],"curies":[{"name":"wp","href":"https:\/\/api.w.org\/{rel}","templated":true}]}}