{"id":138,"date":"2025-08-19T08:35:55","date_gmt":"2025-08-19T08:35:55","guid":{"rendered":"https:\/\/hallofgame.fun\/?page_id=138"},"modified":"2026-03-09T15:46:10","modified_gmt":"2026-03-09T15:46:10","slug":"attraktionen","status":"publish","type":"page","link":"https:\/\/hallofgame.fun\/en\/attraktionen\/","title":{"rendered":"Attractions"},"content":{"rendered":"<p class=\"translation-block\">To keep things fair and simple, we use a <strong>player card system<\/strong>:<\/p>\n\n\n\n<ul class=\"wp-block-list\">\n<li>At the counter, you\u2019ll receive your personal card, which you can top up with credits anytime.<\/li>\n\n\n\n<li>Simply hold it up to the glowing terminal on the machine \u2013 and you\u2019re in the game!<\/li>\n\n\n\n<li>The best part about the card? You collect tickets (points) on it from almost all games \u2013 and you can redeem them at the counter for awesome prizes!<\/li>\n<\/ul>\n\n\n\n<div class=\"wp-block-media-text is-stacked-on-mobile\"><figure class=\"wp-block-media-text__media\"><img fetchpriority=\"high\" decoding=\"async\" width=\"819\" height=\"1024\" src=\"https:\/\/hallofgame.fun\/wp-content\/uploads\/2026\/02\/socialmedia-fotos-819x1024.jpg\" alt=\"\" class=\"wp-image-572 size-full\" srcset=\"https:\/\/hallofgame.fun\/wp-content\/uploads\/2026\/02\/socialmedia-fotos-819x1024.jpg 819w, https:\/\/hallofgame.fun\/wp-content\/uploads\/2026\/02\/socialmedia-fotos-240x300.jpg 240w, https:\/\/hallofgame.fun\/wp-content\/uploads\/2026\/02\/socialmedia-fotos-768x960.jpg 768w, https:\/\/hallofgame.fun\/wp-content\/uploads\/2026\/02\/socialmedia-fotos-10x12.jpg 10w, https:\/\/hallofgame.fun\/wp-content\/uploads\/2026\/02\/socialmedia-fotos.jpg 1080w\" sizes=\"(max-width: 819px) 100vw, 819px\" \/><\/figure><div class=\"wp-block-media-text__content\">\n<p><strong>Crazy Drift DR1<\/strong><\/p>\n\n\n\n<p>Steig ein und erlebe echtes Rennfeeling! Der Crazy Drift DR1 bringt Dich auf realistische Strecken mit beeindruckenden Fahrzeugen. Sp\u00fcre jede Kurve, jede Beschleunigung und jedes \u00dcberholman\u00f6ver \u2013 hier kommt echtes Motorsport-Feeling auf!<\/p>\n<\/div><\/div>\n\n\n\n<div class=\"wp-block-media-text has-media-on-the-right is-stacked-on-mobile\"><div class=\"wp-block-media-text__content\">\n<p><strong>Biker\u2019s Madness DX<\/strong><\/p>\n\n\n\n<p class=\"translation-block\">Full speed ahead in the ultimate racing madness! In <strong>Biker\u2019s Madness DX<\/strong>, you\u2019ll race on real bikes across spectacular tracks \u2013 featuring realistic <strong>motion<\/strong>, <strong>vibration<\/strong>, and <strong>four screens<\/strong> for a breathtaking panoramic experience!<\/p>\n<\/div><figure class=\"wp-block-media-text__media\"><img decoding=\"async\" width=\"819\" height=\"1024\" src=\"https:\/\/hallofgame.fun\/wp-content\/uploads\/2026\/01\/10-819x1024.jpg\" alt=\"\" class=\"wp-image-560 size-full\" srcset=\"https:\/\/hallofgame.fun\/wp-content\/uploads\/2026\/01\/10-819x1024.jpg 819w, https:\/\/hallofgame.fun\/wp-content\/uploads\/2026\/01\/10-240x300.jpg 240w, https:\/\/hallofgame.fun\/wp-content\/uploads\/2026\/01\/10-768x960.jpg 768w, https:\/\/hallofgame.fun\/wp-content\/uploads\/2026\/01\/10-10x12.jpg 10w, https:\/\/hallofgame.fun\/wp-content\/uploads\/2026\/01\/10.jpg 1080w\" sizes=\"(max-width: 819px) 100vw, 819px\" \/><\/figure><\/div>\n\n\n\n<div class=\"wp-block-media-text is-stacked-on-mobile\"><figure class=\"wp-block-media-text__media\"><img decoding=\"async\" width=\"819\" height=\"1024\" src=\"https:\/\/hallofgame.fun\/wp-content\/uploads\/2026\/01\/5-3-819x1024.jpg\" alt=\"\" class=\"wp-image-551 size-full\" srcset=\"https:\/\/hallofgame.fun\/wp-content\/uploads\/2026\/01\/5-3-819x1024.jpg 819w, https:\/\/hallofgame.fun\/wp-content\/uploads\/2026\/01\/5-3-240x300.jpg 240w, https:\/\/hallofgame.fun\/wp-content\/uploads\/2026\/01\/5-3-768x960.jpg 768w, https:\/\/hallofgame.fun\/wp-content\/uploads\/2026\/01\/5-3-10x12.jpg 10w, https:\/\/hallofgame.fun\/wp-content\/uploads\/2026\/01\/5-3.jpg 1080w\" sizes=\"(max-width: 819px) 100vw, 819px\" \/><\/figure><div class=\"wp-block-media-text__content\">\n<p><strong>Cyber Boxer<\/strong><\/p>\n\n\n\n<p>An action-packed boxing machine that measures your punching power! Hit the punching bag with full force, and the display instantly shows your score. Challenge your friends or break the high score. The best part: your punch is recorded on video, so everyone knows who set the record!<\/p>\n<\/div><\/div>\n\n\n\n<div class=\"wp-block-media-text has-media-on-the-right is-stacked-on-mobile\"><div class=\"wp-block-media-text__content\">\n<p><strong>Hit the Ghost<\/strong><\/p>\n\n\n\n<p>Zielen, werfen, treffen!<br>Bei <strong>Hit the Ghost<\/strong> wirfst Du B\u00e4lle auf die Geister und versuchst, so viele Treffer wie m\u00f6glich zu landen. Jeder getroffene Geist bringt Punkte \u2013 je genauer und schneller Du wirfst, desto besser Dein Score.<\/p>\n<\/div><figure class=\"wp-block-media-text__media\"><img loading=\"lazy\" decoding=\"async\" width=\"819\" height=\"1024\" src=\"https:\/\/hallofgame.fun\/wp-content\/uploads\/2026\/01\/15-819x1024.jpg\" alt=\"\" class=\"wp-image-548 size-full\" srcset=\"https:\/\/hallofgame.fun\/wp-content\/uploads\/2026\/01\/15-819x1024.jpg 819w, https:\/\/hallofgame.fun\/wp-content\/uploads\/2026\/01\/15-240x300.jpg 240w, https:\/\/hallofgame.fun\/wp-content\/uploads\/2026\/01\/15-768x960.jpg 768w, https:\/\/hallofgame.fun\/wp-content\/uploads\/2026\/01\/15-10x12.jpg 10w, https:\/\/hallofgame.fun\/wp-content\/uploads\/2026\/01\/15.jpg 1080w\" sizes=\"(max-width: 819px) 100vw, 819px\" \/><\/figure><\/div>\n\n\n\n<div class=\"wp-block-media-text is-stacked-on-mobile\"><figure class=\"wp-block-media-text__media\"><img loading=\"lazy\" decoding=\"async\" width=\"819\" height=\"1024\" src=\"https:\/\/hallofgame.fun\/wp-content\/uploads\/2026\/01\/9-819x1024.jpg\" alt=\"\" class=\"wp-image-550 size-full\" srcset=\"https:\/\/hallofgame.fun\/wp-content\/uploads\/2026\/01\/9-819x1024.jpg 819w, https:\/\/hallofgame.fun\/wp-content\/uploads\/2026\/01\/9-240x300.jpg 240w, https:\/\/hallofgame.fun\/wp-content\/uploads\/2026\/01\/9-768x960.jpg 768w, https:\/\/hallofgame.fun\/wp-content\/uploads\/2026\/01\/9-10x12.jpg 10w, https:\/\/hallofgame.fun\/wp-content\/uploads\/2026\/01\/9.jpg 1080w\" sizes=\"(max-width: 819px) 100vw, 819px\" \/><\/figure><div class=\"wp-block-media-text__content\">\n<p><strong>Timberman<\/strong><\/p>\n\n\n\n<p>Schnell reagieren oder verlieren!<br>Bei <strong>Timberman<\/strong> hackst Du Holz, so schnell Du kannst \u2013 aber Vorsicht vor den \u00c4sten! Mit perfektem Timing und schnellen Entscheidungen sammelst Du Punkte und k\u00e4mpfst gegen die Uhr.<\/p>\n<\/div><\/div>\n\n\n\n<div class=\"wp-block-media-text has-media-on-the-right is-stacked-on-mobile\"><div class=\"wp-block-media-text__content\">\n<p style=\"margin-top:0px;margin-bottom:0px\"><strong>Zap Attack!<\/strong><\/p>\n\n\n\n<p>A lightning-fast reaction and shooting game! With your blaster, you have to shoot the flashing targets as quickly as possible before they disappear. Every hit earns you points \u2013 and in the end, there\u2019s only one question: who\u2019s the ultimate Zap Master?<\/p>\n<\/div><figure class=\"wp-block-media-text__media\"><img loading=\"lazy\" decoding=\"async\" width=\"819\" height=\"1024\" src=\"https:\/\/hallofgame.fun\/wp-content\/uploads\/2025\/10\/WhatsApp-Bild-2025-10-09-um-14.40.17_d5f883c2-819x1024.jpg\" alt=\"\" class=\"wp-image-301 size-full\" srcset=\"https:\/\/hallofgame.fun\/wp-content\/uploads\/2025\/10\/WhatsApp-Bild-2025-10-09-um-14.40.17_d5f883c2-819x1024.jpg 819w, https:\/\/hallofgame.fun\/wp-content\/uploads\/2025\/10\/WhatsApp-Bild-2025-10-09-um-14.40.17_d5f883c2-240x300.jpg 240w, https:\/\/hallofgame.fun\/wp-content\/uploads\/2025\/10\/WhatsApp-Bild-2025-10-09-um-14.40.17_d5f883c2-768x960.jpg 768w, https:\/\/hallofgame.fun\/wp-content\/uploads\/2025\/10\/WhatsApp-Bild-2025-10-09-um-14.40.17_d5f883c2.jpg 1080w\" sizes=\"(max-width: 819px) 100vw, 819px\" \/><\/figure><\/div>\n\n\n\n<div class=\"wp-block-media-text is-stacked-on-mobile\"><figure class=\"wp-block-media-text__media\"><img loading=\"lazy\" decoding=\"async\" width=\"819\" height=\"1024\" src=\"https:\/\/hallofgame.fun\/wp-content\/uploads\/2025\/08\/IMG-20251007-WA0009-819x1024.jpg\" alt=\"\" class=\"wp-image-236 size-full\" srcset=\"https:\/\/hallofgame.fun\/wp-content\/uploads\/2025\/08\/IMG-20251007-WA0009-819x1024.jpg 819w, https:\/\/hallofgame.fun\/wp-content\/uploads\/2025\/08\/IMG-20251007-WA0009-240x300.jpg 240w, https:\/\/hallofgame.fun\/wp-content\/uploads\/2025\/08\/IMG-20251007-WA0009-768x960.jpg 768w, https:\/\/hallofgame.fun\/wp-content\/uploads\/2025\/08\/IMG-20251007-WA0009.jpg 1080w\" sizes=\"(max-width: 819px) 100vw, 819px\" \/><\/figure><div class=\"wp-block-media-text__content\">\n<p><strong>Classic Arcade<\/strong><\/p>\n\n\n\n<p class=\"translation-block\">Whether it\u2019s <strong>Defender<\/strong>, <strong>Pac-Man<\/strong>, <strong>Space Invaders<\/strong>, <strong>Elevator Action<\/strong> or <strong>Q*bert<\/strong> \u2013 pure nostalgia meets ultimate fun right here. Dive into thrilling missions, chase high scores, and immerse yourself in the world of 80s arcade classics.<\/p>\n<\/div><\/div>\n\n\n\n<div class=\"wp-block-media-text is-stacked-on-mobile\"><figure class=\"wp-block-media-text__media\"><img loading=\"lazy\" decoding=\"async\" width=\"819\" height=\"1024\" src=\"https:\/\/hallofgame.fun\/wp-content\/uploads\/2025\/08\/IMG-20251007-WA0007-819x1024.jpg\" alt=\"\" class=\"wp-image-239 size-full\" srcset=\"https:\/\/hallofgame.fun\/wp-content\/uploads\/2025\/08\/IMG-20251007-WA0007-819x1024.jpg 819w, https:\/\/hallofgame.fun\/wp-content\/uploads\/2025\/08\/IMG-20251007-WA0007-240x300.jpg 240w, https:\/\/hallofgame.fun\/wp-content\/uploads\/2025\/08\/IMG-20251007-WA0007-768x960.jpg 768w, https:\/\/hallofgame.fun\/wp-content\/uploads\/2025\/08\/IMG-20251007-WA0007.jpg 1080w\" sizes=\"(max-width: 819px) 100vw, 819px\" \/><\/figure><div class=\"wp-block-media-text__content\">\n<p><strong>Nerf Arcade<\/strong><\/p>\n\n\n\n<p>Ein knallbuntes Shooting-Spiel mit riesigen Nerf-Guns. Statt Pfeilen gibt\u2019s hier digitale Action: Du schie\u00dft auf bunte Ziele, bewegliche Figuren und knackige Bonusfelder. \u00dcbrigens: Nach dem Spiel k\u00f6nnt ihr Euren Highscore per QR-Code in unserer <a href=\"https:\/\/rawthrills.com\/raw-web\/highscores\/place?placeID=129&amp;gameName=Nerf%20Arcade\" data-type=\"link\" data-id=\"https:\/\/rawthrills.com\/raw-web\/highscores\/place?placeID=129&amp;gameName=Nerf%20Arcade\">Hall of Fame<\/a> verewigen.<\/p>\n<\/div><\/div>\n\n\n\n<div class=\"wp-block-media-text has-media-on-the-right is-stacked-on-mobile\"><div class=\"wp-block-media-text__content\">\n<p><strong>Hyper Pitch<\/strong><\/p>\n\n\n\n<p>A sporty throwing and reaction game. You\u2019ll get several baseballs and have to throw them at the target with full power. The system tracks not only your accuracy but also your speed. Who can throw the fastest pitch? Perfect for ball pros big and small.<\/p>\n<\/div><figure class=\"wp-block-media-text__media\"><img loading=\"lazy\" decoding=\"async\" width=\"819\" height=\"1024\" src=\"https:\/\/hallofgame.fun\/wp-content\/uploads\/2025\/10\/IMG-20251007-WA0007-819x1024.jpg\" alt=\"\" class=\"wp-image-314 size-full\" srcset=\"https:\/\/hallofgame.fun\/wp-content\/uploads\/2025\/10\/IMG-20251007-WA0007-819x1024.jpg 819w, https:\/\/hallofgame.fun\/wp-content\/uploads\/2025\/10\/IMG-20251007-WA0007-240x300.jpg 240w, https:\/\/hallofgame.fun\/wp-content\/uploads\/2025\/10\/IMG-20251007-WA0007-768x960.jpg 768w, https:\/\/hallofgame.fun\/wp-content\/uploads\/2025\/10\/IMG-20251007-WA0007.jpg 1080w\" sizes=\"(max-width: 819px) 100vw, 819px\" \/><\/figure><\/div>\n\n\n\n<div class=\"wp-block-media-text is-stacked-on-mobile\"><figure class=\"wp-block-media-text__media\"><img loading=\"lazy\" decoding=\"async\" width=\"819\" height=\"1024\" src=\"https:\/\/hallofgame.fun\/wp-content\/uploads\/2026\/01\/7-819x1024.jpg\" alt=\"\" class=\"wp-image-552 size-full\" srcset=\"https:\/\/hallofgame.fun\/wp-content\/uploads\/2026\/01\/7-819x1024.jpg 819w, https:\/\/hallofgame.fun\/wp-content\/uploads\/2026\/01\/7-240x300.jpg 240w, https:\/\/hallofgame.fun\/wp-content\/uploads\/2026\/01\/7-768x960.jpg 768w, https:\/\/hallofgame.fun\/wp-content\/uploads\/2026\/01\/7-10x12.jpg 10w, https:\/\/hallofgame.fun\/wp-content\/uploads\/2026\/01\/7.jpg 1080w\" sizes=\"(max-width: 819px) 100vw, 819px\" \/><\/figure><div class=\"wp-block-media-text__content\">\n<p><strong>Fireball<\/strong><\/p>\n\n\n\n<p>An exciting timing and ball game! A giant ball rolls downward \u2013 and you have to press the button at just the right moment. Hit the jackpot hole, and you\u2019ll score more points than ever! You can then redeem your points at the counter for your favorite prize.<\/p>\n<\/div><\/div>\n\n\n\n<div class=\"wp-block-media-text has-media-on-the-right is-stacked-on-mobile\"><div class=\"wp-block-media-text__content\">\n<p><strong>Airhockey<\/strong><\/p>\n\n\n\n<p>The classic among tabletop games: two players, one puck, and a smooth playing field. Use your mallet to defend your goal while trying to score on your opponent. Fast, loud, and incredibly thrilling \u2013 a game where time just flies by!<\/p>\n<\/div><figure class=\"wp-block-media-text__media\"><img loading=\"lazy\" decoding=\"async\" width=\"819\" height=\"1024\" src=\"https:\/\/hallofgame.fun\/wp-content\/uploads\/2026\/01\/16-819x1024.jpg\" alt=\"\" class=\"wp-image-553 size-full\" srcset=\"https:\/\/hallofgame.fun\/wp-content\/uploads\/2026\/01\/16-819x1024.jpg 819w, https:\/\/hallofgame.fun\/wp-content\/uploads\/2026\/01\/16-240x300.jpg 240w, https:\/\/hallofgame.fun\/wp-content\/uploads\/2026\/01\/16-768x960.jpg 768w, https:\/\/hallofgame.fun\/wp-content\/uploads\/2026\/01\/16-10x12.jpg 10w, https:\/\/hallofgame.fun\/wp-content\/uploads\/2026\/01\/16.jpg 1080w\" sizes=\"(max-width: 819px) 100vw, 819px\" \/><\/figure><\/div>\n\n\n\n<div class=\"wp-block-media-text is-stacked-on-mobile\"><figure class=\"wp-block-media-text__media\"><img loading=\"lazy\" decoding=\"async\" width=\"819\" height=\"1024\" src=\"https:\/\/hallofgame.fun\/wp-content\/uploads\/2026\/01\/6-4-819x1024.jpg\" alt=\"\" class=\"wp-image-554 size-full\" srcset=\"https:\/\/hallofgame.fun\/wp-content\/uploads\/2026\/01\/6-4-819x1024.jpg 819w, https:\/\/hallofgame.fun\/wp-content\/uploads\/2026\/01\/6-4-240x300.jpg 240w, https:\/\/hallofgame.fun\/wp-content\/uploads\/2026\/01\/6-4-768x960.jpg 768w, https:\/\/hallofgame.fun\/wp-content\/uploads\/2026\/01\/6-4-10x12.jpg 10w, https:\/\/hallofgame.fun\/wp-content\/uploads\/2026\/01\/6-4.jpg 1080w\" sizes=\"(max-width: 819px) 100vw, 819px\" \/><\/figure><div class=\"wp-block-media-text__content\">\n<p><strong>Hit the Green<\/strong><\/p>\n\n\n\n<p class=\"translation-block\">A fast-paced reaction game! Colorful pads light up in front of you, but only the green ones score points. Kick or hit them as quickly as you can to rack up points, hit by hit. But watch out \u2013 red is off-limits! It\u2019s all about speed, precision, and tons of fun.\nDid Bruce Lee train with this? Who knows\u2026<\/p>\n<\/div><\/div>\n\n\n\n<div class=\"wp-block-media-text has-media-on-the-right is-stacked-on-mobile\"><div class=\"wp-block-media-text__content\">\n<p><strong>Basketball Big Show<\/strong><\/p>\n\n\n\n<p>The classic basketball arcade game you know and love! You\u2019ve got just a few seconds to sink as many shots as possible. The more you score, the faster new balls roll in. From round two, things get tougher \u2013 and even more exciting. Who\u2019s got what it takes to beat the high score?<\/p>\n<\/div><figure class=\"wp-block-media-text__media\"><img loading=\"lazy\" decoding=\"async\" width=\"819\" height=\"1024\" src=\"https:\/\/hallofgame.fun\/wp-content\/uploads\/2026\/01\/14-819x1024.jpg\" alt=\"\" class=\"wp-image-558 size-full\" srcset=\"https:\/\/hallofgame.fun\/wp-content\/uploads\/2026\/01\/14-819x1024.jpg 819w, https:\/\/hallofgame.fun\/wp-content\/uploads\/2026\/01\/14-240x300.jpg 240w, https:\/\/hallofgame.fun\/wp-content\/uploads\/2026\/01\/14-768x960.jpg 768w, https:\/\/hallofgame.fun\/wp-content\/uploads\/2026\/01\/14-10x12.jpg 10w, https:\/\/hallofgame.fun\/wp-content\/uploads\/2026\/01\/14.jpg 1080w\" sizes=\"(max-width: 819px) 100vw, 819px\" \/><\/figure><\/div>\n\n\n\n<div class=\"wp-block-media-text is-stacked-on-mobile\"><figure class=\"wp-block-media-text__media\"><img loading=\"lazy\" decoding=\"async\" width=\"819\" height=\"1024\" src=\"https:\/\/hallofgame.fun\/wp-content\/uploads\/2026\/01\/8-819x1024.jpg\" alt=\"\" class=\"wp-image-555 size-full\" srcset=\"https:\/\/hallofgame.fun\/wp-content\/uploads\/2026\/01\/8-819x1024.jpg 819w, https:\/\/hallofgame.fun\/wp-content\/uploads\/2026\/01\/8-240x300.jpg 240w, https:\/\/hallofgame.fun\/wp-content\/uploads\/2026\/01\/8-768x960.jpg 768w, https:\/\/hallofgame.fun\/wp-content\/uploads\/2026\/01\/8-10x12.jpg 10w, https:\/\/hallofgame.fun\/wp-content\/uploads\/2026\/01\/8.jpg 1080w\" sizes=\"(max-width: 819px) 100vw, 819px\" \/><\/figure><div class=\"wp-block-media-text__content\">\n<p><strong>Neuron Race<\/strong><\/p>\n\n\n\n<p>Hier z\u00e4hlt nur eins: Geschwindigkeit! Leuchtende Felder blitzen auf \u2013 und Du musst schneller reagieren als dein Gegner. Tippe, haue oder schlage die Lichter, bevor sie wieder verschwinden. Jeder Treffer bringt Punkte, jeder Wimpernschlag kostet Zeit.<br>Wer hat die schnelleren Reflexe \u2013 Du oder Dein Gegner?<\/p>\n<\/div><\/div>\n\n\n\n<div class=\"wp-block-media-text has-media-on-the-right is-stacked-on-mobile\"><div class=\"wp-block-media-text__content\">\n<p><strong>Hit em All<\/strong><\/p>\n\n\n\n<p>A fast-paced reaction and hitting game! Glowing figures pop up on the playfield \u2013 and you have to whack them with your mallet in a flash. Every hit earns you points, but the ghosts disappear quickly. A huge dose of fun for little monster hunters!<\/p>\n<\/div><figure class=\"wp-block-media-text__media\"><img loading=\"lazy\" decoding=\"async\" width=\"1080\" height=\"1350\" src=\"https:\/\/hallofgame.fun\/wp-content\/uploads\/2026\/01\/4-819x1024.jpg\" alt=\"\" class=\"wp-image-556 size-full\" srcset=\"https:\/\/hallofgame.fun\/wp-content\/uploads\/2026\/01\/4-819x1024.jpg 819w, https:\/\/hallofgame.fun\/wp-content\/uploads\/2026\/01\/4-240x300.jpg 240w, https:\/\/hallofgame.fun\/wp-content\/uploads\/2026\/01\/4-768x960.jpg 768w, https:\/\/hallofgame.fun\/wp-content\/uploads\/2026\/01\/4-10x12.jpg 10w, https:\/\/hallofgame.fun\/wp-content\/uploads\/2026\/01\/4.jpg 1080w\" sizes=\"(max-width: 1080px) 100vw, 1080px\" \/><\/figure><\/div>\n\n\n\n<div class=\"wp-block-media-text is-stacked-on-mobile\"><figure class=\"wp-block-media-text__media\"><img loading=\"lazy\" decoding=\"async\" width=\"819\" height=\"1024\" src=\"https:\/\/hallofgame.fun\/wp-content\/uploads\/2026\/01\/1-819x1024.jpg\" alt=\"\" class=\"wp-image-557 size-full\" srcset=\"https:\/\/hallofgame.fun\/wp-content\/uploads\/2026\/01\/1-819x1024.jpg 819w, https:\/\/hallofgame.fun\/wp-content\/uploads\/2026\/01\/1-240x300.jpg 240w, https:\/\/hallofgame.fun\/wp-content\/uploads\/2026\/01\/1-768x960.jpg 768w, https:\/\/hallofgame.fun\/wp-content\/uploads\/2026\/01\/1-10x12.jpg 10w, https:\/\/hallofgame.fun\/wp-content\/uploads\/2026\/01\/1.jpg 1080w\" sizes=\"(max-width: 819px) 100vw, 819px\" \/><\/figure><div class=\"wp-block-media-text__content\">\n<p><strong>Water Shooting Truck<\/strong><\/p>\n\n\n\n<p>A splashy water game for everyone! Hop into the vehicle, grab the water cannon, and spray the targets on the screen. The faster you hit them, the more points you score. The best part: with multiple players, it turns into a real competition \u2013 who\u2019s the best shooter?<\/p>\n<\/div><\/div>","protected":false},"excerpt":{"rendered":"<p>Damit alles fair und unkompliziert bleibt, nutzen wir ein Spielerkartensystem: Crazy Drift DR1 Steig ein und erlebe echtes Rennfeeling! Der Crazy Drift DR1 bringt Dich auf realistische Strecken mit beeindruckenden Fahrzeugen. Sp\u00fcre jede Kurve, jede Beschleunigung und jedes \u00dcberholman\u00f6ver \u2013 hier kommt echtes Motorsport-Feeling auf! Biker\u2019s Madness DX Volle Fahrt voraus im ultimativen Racing-Wahnsinn! In [&hellip;]<\/p>\n","protected":false},"author":1,"featured_media":0,"parent":0,"menu_order":0,"comment_status":"closed","ping_status":"closed","template":"","meta":{"footnotes":""},"class_list":["post-138","page","type-page","status-publish","hentry"],"_links":{"self":[{"href":"https:\/\/hallofgame.fun\/en\/wp-json\/wp\/v2\/pages\/138","targetHints":{"allow":["GET"]}}],"collection":[{"href":"https:\/\/hallofgame.fun\/en\/wp-json\/wp\/v2\/pages"}],"about":[{"href":"https:\/\/hallofgame.fun\/en\/wp-json\/wp\/v2\/types\/page"}],"author":[{"embeddable":true,"href":"https:\/\/hallofgame.fun\/en\/wp-json\/wp\/v2\/users\/1"}],"replies":[{"embeddable":true,"href":"https:\/\/hallofgame.fun\/en\/wp-json\/wp\/v2\/comments?post=138"}],"version-history":[{"count":41,"href":"https:\/\/hallofgame.fun\/en\/wp-json\/wp\/v2\/pages\/138\/revisions"}],"predecessor-version":[{"id":578,"href":"https:\/\/hallofgame.fun\/en\/wp-json\/wp\/v2\/pages\/138\/revisions\/578"}],"wp:attachment":[{"href":"https:\/\/hallofgame.fun\/en\/wp-json\/wp\/v2\/media?parent=138"}],"curies":[{"name":"wp","href":"https:\/\/api.w.org\/{rel}","templated":true}]}}