{"id":495,"date":"2025-11-06T11:39:37","date_gmt":"2025-11-06T11:39:37","guid":{"rendered":"https:\/\/hallofgame.fun\/?page_id=495"},"modified":"2025-11-29T09:01:57","modified_gmt":"2025-11-29T09:01:57","slug":"challenge","status":"publish","type":"page","link":"https:\/\/hallofgame.fun\/en\/challenge\/","title":{"rendered":"Mini Arcade &#8211; &#8222;Don&#8217;t call it Minigolf&#8230;&#8220;"},"content":{"rendered":"<p>Hier habt Ihr die M\u00f6glichkeit Euch gegenseitig im Wettstreit einmal quer durch die gesamte Halle an allen Spielger\u00e4ten oder ausgesuchten Favoriten in Eurem K\u00f6nnen zu messen.<br>\u00c4hnlich wie beim Minigolf k\u00f6nnt Ihr einen Parcours durchlaufen &amp; auf der \u201eHall of Game Challenge-Karte\u201c Eure erzielten Punkte oder Zeiten eintragen.<br>So l\u00e4sst sich ganz einfach in jeder Zeile f\u00fcr jedes Spielger\u00e4t die Platzierung aller Teilnehmer zwischen Euch ermitteln.<br>Am Ende werden die Platzierungen addiert und der Spieler mit der niedrigsten Punktzahl ist Euer \u201eKing of Games\u201c!<br>Auf der R\u00fcckseite findet Ihr noch zus\u00e4tzlich ein Turnierdiagramm nach dem K.O.-Prinzip f\u00fcr das Air-Hockey oder jedes andere Spiel, wie Ihr es bestimmt von Fu\u00dfballweltmeisterschaften her kennt.<br>Wir bieten die \u201eHall of Game Challenge-Karte\u201c mit einem vorgegebenen Standardparcours in Fast, Classic und Blanko f\u00fcr Eure individuelle Favoritenauswahl oder zum Beispiel f\u00fcr eine reine Classic-Arcade-Challenge auf unserem \u201eDefender\u201c an.<br>Die \u201eHall of Game Challenge-Karte\u201c erhaltet Ihr gratis bei unserem Personal am Servicepoint nebst Klemmbrett und Stift, was am Ende des Spiels von Euch dort auch bitte wieder unaufgefordert abgegeben werden sollte, Danke!<br>Weiterhin ben\u00f6tigt Ihr nat\u00fcrlich den Game-Pass, auf dem Ihr die f\u00fcr die Spiele ben\u00f6tigten Credits laden m\u00fcsst. Je nach ausgew\u00e4hltem Parcours d\u00fcrften etwa 40-50 Credits oder bei zwei Spielern eine Stunde (Time-Pilot) ausreichend sein.<br>Ehrgeiz im Wettstreit geh\u00f6rt sicherlich zum Spielvergn\u00fcgen, aber nehmt das bitte nicht zu ernst, der Spa\u00df sollte immer im Vordergrund stehen, lasst auch mal F\u00fcnfe grade sein! Ist das n\u00e4chste Spielger\u00e4t auf Eurer Liste grade belegt, einfach \u00fcberspringen und sp\u00e4ter nachholen, so wird Schlangenbildung und Wartezeit vermieden.<br>Vergesst nicht Eure erspielten Tickets am Servicepoint gegen tolle Preise einzutauschen oder sammelt diese weiter auf Eurem Gamepass f\u00fcr Euren n\u00e4chsten Besuch.<br>Im Zweifel und bei Fragen bitte einfach an unser geschultes Personal wenden, welches Euch gerne behilflich sein wird.<br>Die \u201eHall of Game Challenge\u201c ist der Knaller auf jeder Geburtstagsparty ob jung oder alt, jedem Firmenevent, f\u00fcr den Start in den Abend im Freundeskreis, oder um beim ersten Date die Spannung zu l\u00f6sen \ud83d\ude09<br>Solltet Ihr die \u201eHall of Game Challenge-Karte\u201c solo nutzen, um Eure Fortschritte beim heimlichen \u00dcben zu dokumentieren, wir verraten nix!<br>viel Spa\u00df &amp; Freude\u2026<\/p>","protected":false},"excerpt":{"rendered":"<p>Hier habt Ihr die M\u00f6glichkeit Euch gegenseitig im Wettstreit einmal quer durch die gesamte Halle an allen Spielger\u00e4ten oder ausgesuchten Favoriten in Eurem K\u00f6nnen zu messen.\u00c4hnlich wie beim Minigolf k\u00f6nnt Ihr einen Parcours durchlaufen &amp; auf der \u201eHall of Game Challenge-Karte\u201c Eure erzielten Punkte oder Zeiten eintragen.So l\u00e4sst sich ganz einfach in jeder Zeile f\u00fcr [&hellip;]<\/p>\n","protected":false},"author":1,"featured_media":0,"parent":0,"menu_order":0,"comment_status":"closed","ping_status":"closed","template":"","meta":{"footnotes":""},"class_list":["post-495","page","type-page","status-publish","hentry"],"_links":{"self":[{"href":"https:\/\/hallofgame.fun\/en\/wp-json\/wp\/v2\/pages\/495","targetHints":{"allow":["GET"]}}],"collection":[{"href":"https:\/\/hallofgame.fun\/en\/wp-json\/wp\/v2\/pages"}],"about":[{"href":"https:\/\/hallofgame.fun\/en\/wp-json\/wp\/v2\/types\/page"}],"author":[{"embeddable":true,"href":"https:\/\/hallofgame.fun\/en\/wp-json\/wp\/v2\/users\/1"}],"replies":[{"embeddable":true,"href":"https:\/\/hallofgame.fun\/en\/wp-json\/wp\/v2\/comments?post=495"}],"version-history":[{"count":7,"href":"https:\/\/hallofgame.fun\/en\/wp-json\/wp\/v2\/pages\/495\/revisions"}],"predecessor-version":[{"id":514,"href":"https:\/\/hallofgame.fun\/en\/wp-json\/wp\/v2\/pages\/495\/revisions\/514"}],"wp:attachment":[{"href":"https:\/\/hallofgame.fun\/en\/wp-json\/wp\/v2\/media?parent=495"}],"curies":[{"name":"wp","href":"https:\/\/api.w.org\/{rel}","templated":true}]}}