{"id":53,"date":"2025-08-13T09:12:40","date_gmt":"2025-08-13T09:12:40","guid":{"rendered":"https:\/\/hallofgame.fun\/?page_id=53"},"modified":"2025-08-13T09:12:40","modified_gmt":"2025-08-13T09:12:40","slug":"haftungsausschluss","status":"publish","type":"page","link":"https:\/\/hallofgame.fun\/en\/haftungsausschluss\/","title":{"rendered":"Disclaimer"},"content":{"rendered":"<p><strong>Haftungsausschluss (Disclaimer)<\/strong><\/p>\n\n\n\n<p class=\"translation-block\"><strong>Liability for Content<\/strong><br>\nThe content of this website has been created with the utmost care. However, we cannot guarantee the completeness, accuracy, or timeliness of the content. As the operator of the website, we assume no liability for damages that arise directly or indirectly from the use of the content. Legally binding information is provided exclusively in writing.<\/p>\n\n\n\n<p class=\"translation-block\"><strong>Liability for External Links<\/strong><br>\nOur website contains links to external third-party websites over which we have no control. Therefore, we assume no liability for these external contents. The respective provider or operator of the linked pages is always responsible for their content. At the time of the first link, no legal violations were apparent; upon becoming aware of any legal infringements, we will remove such links immediately.<\/p>\n\n\n\n<p class=\"translation-block\"><strong>Copyright<\/strong><br>\nThe content and works created by the operators of this website are subject to German copyright law. Contributions from third parties are marked as such. Reproduction, editing, distribution, and any kind of exploitation outside the limits of copyright require the written consent of the respective author or creator.<\/p>\n\n\n\n<p class=\"translation-block\"><strong>Liability for Contests \/ Game Offers<\/strong><br>\nOn this website and in our facilities, there is the possibility to participate in games where merchandise prizes can be won. Participation is voluntary, and there is no entitlement to a prize outside of the participation conditions.<\/p>\n\n\n\n<p class=\"translation-block\"><strong>General Notice<\/strong><br>\nUse of our website is at your own risk. We assume no liability for direct or indirect damages resulting from the use of the website or the information contained therein.<\/p>","protected":false},"excerpt":{"rendered":"<p>Haftungsausschluss (Disclaimer) Haftung f\u00fcr InhalteDie Inhalte dieser Webseite wurden mit gr\u00f6\u00dfter Sorgfalt erstellt. F\u00fcr die Vollst\u00e4ndigkeit, Richtigkeit und Aktualit\u00e4t der Inhalte kann jedoch keine Gew\u00e4hr \u00fcbernommen werden. Als Betreiber der Webseite \u00fcbernehmen wir keine Haftung f\u00fcr Sch\u00e4den, die direkt oder indirekt aus der Nutzung der Inhalte entstehen. Rechtlich verbindliche Ausk\u00fcnfte erfolgen ausschlie\u00dflich schriftlich. Haftung f\u00fcr [&hellip;]<\/p>\n","protected":false},"author":1,"featured_media":0,"parent":0,"menu_order":0,"comment_status":"closed","ping_status":"closed","template":"","meta":{"footnotes":""},"class_list":["post-53","page","type-page","status-publish","hentry"],"_links":{"self":[{"href":"https:\/\/hallofgame.fun\/en\/wp-json\/wp\/v2\/pages\/53","targetHints":{"allow":["GET"]}}],"collection":[{"href":"https:\/\/hallofgame.fun\/en\/wp-json\/wp\/v2\/pages"}],"about":[{"href":"https:\/\/hallofgame.fun\/en\/wp-json\/wp\/v2\/types\/page"}],"author":[{"embeddable":true,"href":"https:\/\/hallofgame.fun\/en\/wp-json\/wp\/v2\/users\/1"}],"replies":[{"embeddable":true,"href":"https:\/\/hallofgame.fun\/en\/wp-json\/wp\/v2\/comments?post=53"}],"version-history":[{"count":1,"href":"https:\/\/hallofgame.fun\/en\/wp-json\/wp\/v2\/pages\/53\/revisions"}],"predecessor-version":[{"id":54,"href":"https:\/\/hallofgame.fun\/en\/wp-json\/wp\/v2\/pages\/53\/revisions\/54"}],"wp:attachment":[{"href":"https:\/\/hallofgame.fun\/en\/wp-json\/wp\/v2\/media?parent=53"}],"curies":[{"name":"wp","href":"https:\/\/api.w.org\/{rel}","templated":true}]}}