{"id":57,"date":"2025-08-13T09:31:57","date_gmt":"2025-08-13T09:31:57","guid":{"rendered":"https:\/\/hallofgame.fun\/?page_id=57"},"modified":"2025-11-06T10:50:40","modified_gmt":"2025-11-06T10:50:40","slug":"hausordnung","status":"publish","type":"page","link":"https:\/\/hallofgame.fun\/en\/hausordnung\/","title":{"rendered":"Code of Conduct"},"content":{"rendered":"<p class=\"translation-block\"><strong>1. Scope<\/strong><br>This house policy applies to all visitors of Hall of Game (\u201cthe arcade\u201d) in Aachen. By entering the arcade, you agree to and accept these rules.<\/p>\n\n\n\n<p><strong>2. Entrance<\/strong><\/p>\n\n\n\n<ul class=\"wp-block-list\">\n<li class=\"translation-block\">There is no minimum age for entry.<\/li>\n\n\n\n<li>Individuals who behave aggressively, harass others, or appear to be under the influence of alcohol or drugs may be denied entry.<\/li>\n\n\n\n<li class=\"translation-block\">The operator reserves the right to exercise <strong>domiciliary authority<\/strong>. Guests may be asked to leave the premises at any time and without stating a reason.<\/li>\n<\/ul>\n\n\n\n<p><strong>3. Spielerkarte \/ Game Pass<\/strong><\/p>\n\n\n\n<ul class=\"wp-block-list\">\n<li>The player card serves as a prepaid card for games, merchandise, and the purchase of food and drinks.<\/li>\n\n\n\n<li class=\"translation-block\">Credit <strong>cannot be transferred or paid out in cash<\/strong>.<\/li>\n\n\n\n<li>In case of loss, the card will not be replaced.<\/li>\n\n\n\n<li>Points earned can only be redeemed for merchandise. The timing of prize distribution is at the operator\u2019s discretion but will take place within a reasonable period.<\/li>\n<\/ul>\n\n\n\n<p><strong><strong>4. Conduct inside the arcade<\/strong><\/strong><\/p>\n\n\n\n<ul class=\"wp-block-list\">\n<li>Respectful behavior toward staff and other guests is mandatory.<\/li>\n\n\n\n<li>Violence, vandalism, theft, or disturbances will be reported to the police and may result in expulsion from the premises.<\/li>\n\n\n\n<li>Parents are responsible for their children.<\/li>\n\n\n\n<li>In the event of proven property damage, the person responsible is liable for the resulting costs. The operator reserves the right to issue a ban from the premises.<\/li>\n\n\n\n<li>Bringing your own food and drinks is not permitted.<\/li>\n<\/ul>\n\n\n\n<p><strong><strong>5. Safety<\/strong><\/strong><\/p>\n\n\n\n<ul class=\"wp-block-list\">\n<li>Emergency routes, exits, and fire safety equipment must be kept clear at all times.<\/li>\n\n\n\n<li>Staff instructions must be followed at all times.<\/li>\n\n\n\n<li>Entering technical areas or staff-only rooms is prohibited.<\/li>\n<\/ul>\n\n\n\n<p><strong><strong>6. Health &amp; Hygiene<\/strong><\/strong><\/p>\n\n\n\n<ul class=\"wp-block-list\">\n<li>Pets are not allowed, except for certified therapy animals.<\/li>\n\n\n\n<li>Smoking is strictly prohibited inside the premises. This also includes vaporizers (vapes) and heated tobacco devices.<\/li>\n\n\n\n<li>All waste must be disposed of in the designated containers.<\/li>\n<\/ul>\n\n\n\n<p><strong>7. Video\u00fcberwachung \/ Datenschutz<\/strong><\/p>\n\n\n\n<ul class=\"wp-block-list\">\n<li>In der Halle findet eine <strong>Video\u00fcberwachung<\/strong> statt, die <strong>DSGVO-konform<\/strong> betrieben wird.<br>Datenschutzbeauftragter: <br>Hubertus Strehlke<br>hubertus.strehlke@hallofgame.fun  <\/li>\n\n\n\n<li>Die \u00dcberwachung dient der Sicherheit von G\u00e4sten und Personal sowie der Pr\u00e4vention von Straftaten.<\/li>\n\n\n\n<li>Es werden keine personenbezogenen Daten ohne Einwilligung weitergegeben, es sei denn, es besteht eine gesetzliche Pflicht.<\/li>\n<\/ul>\n\n\n\n<p><strong>8. Haftung<\/strong><\/p>\n\n\n\n<ul class=\"wp-block-list\">\n<li>Der Betreiber haftet nur f\u00fcr Sch\u00e4den, die durch Vorsatz oder grobe Fahrl\u00e4ssigkeit durch ihn entstanden sind.<\/li>\n\n\n\n<li>F\u00fcr pers\u00f6nliche Gegenst\u00e4nde der G\u00e4ste wird keine Haftung \u00fcbernommen.<\/li>\n<\/ul>\n\n\n\n<p><strong>9. \u00c4nderungen der Hausordnung<\/strong><\/p>\n\n\n\n<ul class=\"wp-block-list\">\n<li>Der Betreiber beh\u00e4lt sich das Recht vor, die Hausordnung jederzeit zu \u00e4ndern.<\/li>\n\n\n\n<li>\u00c4nderungen werden in der Halle bekannt gegeben und gelten ab Ver\u00f6ffentlichung.<\/li>\n<\/ul>\n\n\n\n<p><strong>10. Inkrafttreten<\/strong><\/p>\n\n\n\n<ul class=\"wp-block-list\">\n<li>Diese Hausordnung tritt mit Ver\u00f6ffentlichung in der Halle oder auf dieser Webseite in Kraft.<\/li>\n<\/ul>","protected":false},"excerpt":{"rendered":"<p>1. GeltungsbereichDiese Hausordnung gilt f\u00fcr alle Besucherinnen und Besucher der Hall of Game (\u201eHalle\u201c) in Aachen. Mit Betreten der Halle erkennen Sie die Hausordnung an. 2. Zutritt 3. Spielerkarte \/ Game Pass 4. Verhalten in der Halle 5. Sicherheit 6. Gesundheit &amp; Hygiene 7. Video\u00fcberwachung \/ Datenschutz 8. Haftung 9. \u00c4nderungen der Hausordnung 10. Inkrafttreten<\/p>","protected":false},"author":1,"featured_media":0,"parent":0,"menu_order":0,"comment_status":"closed","ping_status":"closed","template":"","meta":{"footnotes":""},"class_list":["post-57","page","type-page","status-publish","hentry"],"_links":{"self":[{"href":"https:\/\/hallofgame.fun\/en\/wp-json\/wp\/v2\/pages\/57","targetHints":{"allow":["GET"]}}],"collection":[{"href":"https:\/\/hallofgame.fun\/en\/wp-json\/wp\/v2\/pages"}],"about":[{"href":"https:\/\/hallofgame.fun\/en\/wp-json\/wp\/v2\/types\/page"}],"author":[{"embeddable":true,"href":"https:\/\/hallofgame.fun\/en\/wp-json\/wp\/v2\/users\/1"}],"replies":[{"embeddable":true,"href":"https:\/\/hallofgame.fun\/en\/wp-json\/wp\/v2\/comments?post=57"}],"version-history":[{"count":7,"href":"https:\/\/hallofgame.fun\/en\/wp-json\/wp\/v2\/pages\/57\/revisions"}],"predecessor-version":[{"id":427,"href":"https:\/\/hallofgame.fun\/en\/wp-json\/wp\/v2\/pages\/57\/revisions\/427"}],"wp:attachment":[{"href":"https:\/\/hallofgame.fun\/en\/wp-json\/wp\/v2\/media?parent=57"}],"curies":[{"name":"wp","href":"https:\/\/api.w.org\/{rel}","templated":true}]}}